{"id":31,"date":"2025-09-10T22:23:03","date_gmt":"2025-09-10T22:23:03","guid":{"rendered":"https:\/\/notariamx.com\/clon\/?page_id=31"},"modified":"2025-11-24T13:08:39","modified_gmt":"2025-11-24T18:08:39","slug":"servicios","status":"publish","type":"page","link":"https:\/\/notariamx.com\/en\/servicios\/","title":{"rendered":"Services"},"content":{"rendered":"<div class=\"wp-block-group alignfull contenido is-layout-flow wp-block-group-is-layout-flow\">\n<div style=\"height:23px\" aria-hidden=\"true\" class=\"wp-block-spacer\"><\/div>\n\n\n\n<div class=\"wp-block-group alignwide is-layout-flow wp-block-group-is-layout-flow\" style=\"padding-right:0;padding-left:0\">\n<h2 class=\"wp-block-heading has-text-align-center\">Notary Services<\/h2>\n\n\n\n<div class=\"wp-block-uagb-container uagb-block-ee431bee alignfull uagb-is-root-container\"><div class=\"uagb-container-inner-blocks-wrap\"><div class=\"services-search-container\">\n<form data-min-no-for-search=\"3\" data-result-box-max-height=\"400\" data-form-id=\"2000\" class=\"is-search-form is-form-style is-form-style-3 is-form-id-2000 is-ajax-search\" action=\"https:\/\/notariamx.com\/en\/\" method=\"get\" role=\"search\" data-trp-original-action=\"https:\/\/notariamx.com\/en\/\" ><label for=\"is-search-input-2000\"><span class=\"is-screen-reader-text\">Search for:<\/span><input  type=\"search\" id=\"is-search-input-2000\" name=\"s\" value=\"\" class=\"is-search-input\" placeholder=\"Servicios...\" autocomplete=\"off\" \/><span class=\"is-loader-image\" style=\"display: none;background-image:url(https:\/\/notariamx.com\/wp-content\/plugins\/add-search-to-menu\/public\/images\/spinner.gif);\" ><\/span><\/label><button type=\"submit\" class=\"is-search-submit\"><span class=\"is-screen-reader-text\">Search Button<\/span><span class=\"is-search-icon\"><svg focusable=\"false\" aria-label=\"Search\" xmlns=\"http:\/\/www.w3.org\/2000\/svg\" viewbox=\"0 0 24 24\" width=\"24px\"><path d=\"M15.5 14h-.79l-.28-.27C15.41 12.59 16 11.11 16 9.5 16 5.91 13.09 3 9.5 3S3 5.91 3 9.5 5.91 16 9.5 16c1.61 0 3.09-.59 4.23-1.57l.27.28v.79l5 4.99L20.49 19l-4.99-5zm-6 0C7.01 14 5 11.99 5 9.5S7.01 5 9.5 5 14 7.01 14 9.5 11.99 14 9.5 14z\"><\/path><\/svg><\/span><\/button><input type=\"hidden\" name=\"id\" value=\"2000\" \/><input type=\"hidden\" name=\"trp-form-language\" value=\"en\"\/><\/form>\n<\/div>\n<\/div><\/div>\n<\/div>\n\n\n\n<div class=\"wp-block-group alignwide is-layout-flow wp-block-group-is-layout-flow\" style=\"padding-right:var(--wp--preset--spacing--xx-large);padding-left:var(--wp--preset--spacing--xx-large)\">\n<div class=\"wp-block-uagb-container uagb-block-f77d5762 alignfull uagb-is-root-container\">\n<div class=\"wp-block-uagb-container contenedor uag-hide-tab uag-hide-mob uagb-layout-grid uagb-block-a8c35b7c\">\n<div class=\"wp-block-uagb-container contenedor-sombra uagb-block-5d7da3ca\">\n<h3 class=\"wp-block-heading has-text-align-center has-background-color has-text-color has-link-color wp-elements-e27d504b028d4e476b4698c1be317d64\">Purchase and sale of real estate<\/h3>\n<a class=\"spectra-container-link-overlay\" rel=\"noopener\" href=\"\/en\/compraventa-de-inmuebles\/\"> <\/a><\/div>\n\n\n\n<div class=\"wp-block-uagb-container contenedor-sombra uagb-block-dce50a81\">\n<h3 class=\"wp-block-heading has-text-align-center has-background-color has-text-color has-link-color wp-elements-b6e2b0af08c985ecbe2e258a22392cfd\">Building societies<\/h3>\n<a class=\"spectra-container-link-overlay\" rel=\"noopener\" href=\"\/en\/creacion-de-sociedades\/\"> <\/a><\/div>\n\n\n\n<div class=\"wp-block-uagb-container contenedor-sombra uagb-block-6c90196b\">\n<h3 class=\"wp-block-heading has-text-align-center has-background-color has-text-color has-link-color wp-elements-6a9c46f54ebdfd9f53216bdc4b39aa19\">Faith Facts and Wills<\/h3>\n<a class=\"spectra-container-link-overlay\" rel=\"noopener\" href=\"\/en\/fe-de-hechos-y-testamentos\/\"> <\/a><\/div>\n\n\n\n<div class=\"wp-block-uagb-container contenedor-sombra uagb-block-93735c4d\">\n<h3 class=\"wp-block-heading has-text-align-center has-background-color has-text-color has-link-color wp-elements-11005e273f78cf39dcb46dd1a358a4d7\">Certification of Documents<\/h3>\n<a class=\"spectra-container-link-overlay\" rel=\"noopener\" href=\"\/en\/certificacion-de-documentos\/\"> <\/a><\/div>\n\n\n\n<div class=\"wp-block-uagb-container contenedor-sombra uagb-block-6eb780f2\">\n<h3 class=\"wp-block-heading has-text-align-center has-background-color has-text-color has-link-color wp-elements-e1b69dd99cac817ba49f62fd41fed926\">Trusts<\/h3>\n<a class=\"spectra-container-link-overlay\" rel=\"noopener\" href=\"\/en\/fideicomisos\/\"> <\/a><\/div>\n\n\n\n<div class=\"wp-block-uagb-container contenedor-sombra uagb-block-42518e28\">\n<h3 class=\"wp-block-heading has-text-align-center has-background-color has-text-color has-link-color wp-elements-2a3b613a872f702c5e86b1abe79ee6dd\">Other Services<\/h3>\n<a class=\"spectra-container-link-overlay\" rel=\"noopener\" href=\"\/en\/otros-servicios\/\"> <\/a><\/div>\n<\/div>\n<\/div>\n<\/div>\n\n\n\n<div class=\"wp-block-uagb-container contenedor-movil uag-hide-desktop uagb-layout-grid uagb-block-6d6b932e default uagb-is-root-container\">\n<div class=\"wp-block-uagb-container tarjeta uagb-block-7599f52d\">\n<h3 class=\"wp-block-heading has-text-align-center has-background-color has-text-color has-link-color wp-elements-e27d504b028d4e476b4698c1be317d64\">Purchase and sale of real estate<\/h3>\n<a class=\"spectra-container-link-overlay\" rel=\"noopener\" href=\"\/en\/compraventa-de-inmuebles\/\"> <\/a><\/div>\n\n\n\n<div class=\"wp-block-uagb-container tarjeta uagb-block-1b32605b\">\n<h3 class=\"wp-block-heading has-text-align-center has-background-color has-text-color has-link-color wp-elements-b6e2b0af08c985ecbe2e258a22392cfd\">Building societies<\/h3>\n<a class=\"spectra-container-link-overlay\" rel=\"noopener\" href=\"\/en\/creacion-de-sociedades\/\"> <\/a><\/div>\n\n\n\n<div class=\"wp-block-uagb-container tarjeta uagb-block-41afaa41\">\n<h3 class=\"wp-block-heading has-text-align-center has-background-color has-text-color has-link-color wp-elements-6a9c46f54ebdfd9f53216bdc4b39aa19\">Faith Facts and Wills<\/h3>\n<a class=\"spectra-container-link-overlay\" rel=\"noopener\" href=\"\/en\/fe-de-hechos-y-testamentos\/\"> <\/a><\/div>\n\n\n\n<div class=\"wp-block-uagb-container tarjeta uagb-block-6089b68d\">\n<h3 class=\"wp-block-heading has-text-align-center has-background-color has-text-color has-link-color wp-elements-11005e273f78cf39dcb46dd1a358a4d7\">Certification of Documents<\/h3>\n<a class=\"spectra-container-link-overlay\" rel=\"noopener\" href=\"\/en\/certificacion-de-documentos\/\"> <\/a><\/div>\n\n\n\n<div class=\"wp-block-uagb-container tarjeta uagb-block-48d3c67e\">\n<h3 class=\"wp-block-heading has-text-align-center has-background-color has-text-color has-link-color wp-elements-e1b69dd99cac817ba49f62fd41fed926\">Trusts<\/h3>\n<a class=\"spectra-container-link-overlay\" rel=\"noopener\" href=\"\/en\/fideicomisos\/\"> <\/a><\/div>\n\n\n\n<div class=\"wp-block-uagb-container tarjeta uagb-block-4526e8cf\">\n<h3 class=\"wp-block-heading has-text-align-center has-background-color has-text-color has-link-color wp-elements-2a3b613a872f702c5e86b1abe79ee6dd\">Other Services<\/h3>\n<a class=\"spectra-container-link-overlay\" rel=\"noopener\" href=\"\/en\/otros-servicios\/\"> <\/a><\/div>\n<\/div>\n<\/div>\n\n\n\n<div style=\"height:71px\" aria-hidden=\"true\" class=\"wp-block-spacer\"><\/div>\n\n\n<style>\n.entry-content{\n  margin-block-start: 0 !important;\n}\n.contenido {\n  position: relative;\n  background-color: white; \/* color base del resto del fondo *\/\n  padding: 3rem;\n  overflow: hidden;\n  z-index: 1;\n}\n\n\/* Fondo de color parcial *\/\n.contenido::before {\n  content: \"\";\n  position: absolute;\n  top: 0;\n  left: 0;\n  width: 100%;          \/* cubre todo el ancho *\/\n  height: 50%;          \/* cubre la mitad del alto *\/\n  background-color: #789BAB70; \/* color superior *\/\n  z-index: -1;          \/* detr\u00e1s del contenido\u00a0*\/\n}\n\n<\/style>","protected":false},"excerpt":{"rendered":"<p>Servicios Notariales Compraventa de inmuebles Creaci\u00f3n de sociedades Fe de Hechos y Testamentos Certificaci\u00f3n de Documentos Fideicomisos Otros Servicios Compraventa de inmuebles Creaci\u00f3n de sociedades Fe de Hechos y Testamentos Certificaci\u00f3n de Documentos Fideicomisos Otros Servicios<\/p>","protected":false},"author":1,"featured_media":0,"parent":0,"menu_order":0,"comment_status":"closed","ping_status":"closed","template":"","meta":{"_uag_custom_page_level_css":"","_joinchat":[],"footnotes":""},"class_list":["post-31","page","type-page","status-publish","hentry"],"uagb_featured_image_src":{"full":false,"thumbnail":false,"medium":false,"medium_large":false,"large":false,"1536x1536":false,"2048x2048":false,"trp-custom-language-flag":false},"uagb_author_info":{"display_name":"admin","author_link":"https:\/\/notariamx.com\/en\/author\/admin\/"},"uagb_comment_info":0,"uagb_excerpt":"Servicios Notariales Compraventa de inmuebles Creaci\u00f3n de sociedades Fe de Hechos y Testamentos Certificaci\u00f3n de Documentos Fideicomisos Otros Servicios Compraventa de inmuebles Creaci\u00f3n de sociedades Fe de Hechos y Testamentos Certificaci\u00f3n de Documentos Fideicomisos Otros Servicios","_links":{"self":[{"href":"https:\/\/notariamx.com\/en\/wp-json\/wp\/v2\/pages\/31","targetHints":{"allow":["GET"]}}],"collection":[{"href":"https:\/\/notariamx.com\/en\/wp-json\/wp\/v2\/pages"}],"about":[{"href":"https:\/\/notariamx.com\/en\/wp-json\/wp\/v2\/types\/page"}],"author":[{"embeddable":true,"href":"https:\/\/notariamx.com\/en\/wp-json\/wp\/v2\/users\/1"}],"replies":[{"embeddable":true,"href":"https:\/\/notariamx.com\/en\/wp-json\/wp\/v2\/comments?post=31"}],"version-history":[{"count":410,"href":"https:\/\/notariamx.com\/en\/wp-json\/wp\/v2\/pages\/31\/revisions"}],"predecessor-version":[{"id":2185,"href":"https:\/\/notariamx.com\/en\/wp-json\/wp\/v2\/pages\/31\/revisions\/2185"}],"wp:attachment":[{"href":"https:\/\/notariamx.com\/en\/wp-json\/wp\/v2\/media?parent=31"}],"curies":[{"name":"wp","href":"https:\/\/api.w.org\/{rel}","templated":true}]}}