{"id":29,"date":"2025-09-10T22:22:16","date_gmt":"2025-09-10T22:22:16","guid":{"rendered":"https:\/\/notariamx.com\/clon\/?page_id=29"},"modified":"2025-11-21T17:12:05","modified_gmt":"2025-11-21T22:12:05","slug":"acerca","status":"publish","type":"page","link":"https:\/\/notariamx.com\/en\/acerca\/","title":{"rendered":"About"},"content":{"rendered":"<main class=\"wp-block-group alignfull is-layout-flow wp-block-group-is-layout-flow\">\n<div class=\"wp-block-uagb-container uagb-block-bffff557 alignfull uagb-is-root-container\"><div class=\"uagb-container-inner-blocks-wrap\">\n<div class=\"wp-block-uagb-container uagb-block-ff93cf1d alignfull uagb-is-root-container\"><div class=\"uagb-container-inner-blocks-wrap\">\n<div class=\"wp-block-uagb-container uagb-block-304552c5\">\n<h2 class=\"wp-block-heading has-text-align-center\">Who Are We?<\/h2>\n\n\n\n<div class=\"wp-block-uagb-container uagb-block-685fc579\">\n<p class=\"has-text-align-center parrafo\">Notary 41 spearheading a new generation of notary services in Mexico. Our team is composed of bilingual professionals with extensive experience in real estate law, corporate and inheritance. We distinguish ourselves by providing care close, efficient and adapted to current needs.<\/p>\n<\/div>\n<\/div>\n\n\n\n<div class=\"wp-block-uagb-container uagb-block-3ad4ecc5\">\n<div class=\"wp-block-group has-global-padding is-layout-constrained wp-block-group-is-layout-constrained\" style=\"padding-top:var(--wp--preset--spacing--large);padding-bottom:var(--wp--preset--spacing--large)\">\n<figure class=\"wp-block-image aligncenter size-medium is-resized is-style-default\"><img loading=\"lazy\" decoding=\"async\" width=\"300\" height=\"300\" src=\"https:\/\/notariamx.com\/clon\/wp-content\/uploads\/2025\/09\/gris-oscuro-300x300.png\" alt=\"\" class=\"wp-image-191\" style=\"object-fit:cover;width:179px;height:auto\" title=\"\" srcset=\"https:\/\/notariamx.com\/wp-content\/uploads\/2025\/09\/gris-oscuro-300x300.png 300w, https:\/\/notariamx.com\/wp-content\/uploads\/2025\/09\/gris-oscuro-1024x1024.png 1024w, https:\/\/notariamx.com\/wp-content\/uploads\/2025\/09\/gris-oscuro-150x150.png 150w, https:\/\/notariamx.com\/wp-content\/uploads\/2025\/09\/gris-oscuro-768x768.png 768w, https:\/\/notariamx.com\/wp-content\/uploads\/2025\/09\/gris-oscuro-1536x1536.png 1536w, https:\/\/notariamx.com\/wp-content\/uploads\/2025\/09\/gris-oscuro-2048x2048.png 2048w\" sizes=\"auto, (max-width: 300px) 100vw, 300px\" \/><\/figure>\n<\/div>\n<\/div>\n<\/div><\/div>\n\n\n\n<div class=\"wp-block-uagb-container uagb-block-a025f5e7 alignfull uagb-is-root-container\"><div class=\"uagb-container-inner-blocks-wrap\">\n<div class=\"wp-block-uagb-container uagb-block-54fcbd3a\">\n<div class=\"wp-block-uagb-container uagb-block-7b9b5825\">\n<div class=\"wp-block-uagb-container uagb-block-6a8d4b36\">\n<h2 class=\"wp-block-heading has-text-align-center\">Why Us?<\/h2>\n<\/div>\n<\/div>\n\n\n\n<div class=\"wp-block-uagb-container uagb-block-c05b5dda\">\n<p class=\"has-text-align-center parrafo\">Notary 41, Playa del Carmen, we provide notary services for reliable domestic and foreign. We distinguish ourselves by a close and personalized attention, with a team of bilingual lawyers that ensure clarity in every process, without language barriers.<\/p>\n<\/div>\n<\/div>\n\n\n\n<div class=\"wp-block-uagb-container uagb-block-668b16bb\">\n<div class=\"wp-block-uagb-container uagb-block-6e26a135\">\n<div class=\"wp-block-uagb-container uagb-block-1e338af6\">\n<h2 class=\"wp-block-heading has-text-align-center\">Our commitment<\/h2>\n<\/div>\n<\/div>\n\n\n\n<div class=\"wp-block-uagb-container uagb-block-799d1fb4\">\n<p class=\"has-text-align-center parrafo\">Our commitment is to provide legal certainty, transparency and trust, endorsements by experience in real estate law, corporate and inheritance. We know the needs of investors, families, and businesses in the Riviera Maya, and we guide you through each step with legal solutions tailored to your needs.<\/p>\n<\/div>\n<\/div>\n<\/div><\/div>\n\n\n\n<div class=\"wp-block-uagb-container uagb-block-eb3418aa alignfull uagb-is-root-container\"><div class=\"uagb-container-inner-blocks-wrap\">\n<div class=\"wp-block-uagb-container uagb-block-7d0c5756\">\n<div class=\"wp-block-uagb-container uagb-block-db78252e\">\n<div class=\"wp-block-uagb-container uagb-block-78471d1b\">\n<div class=\"wp-block-uagb-image uagb-block-bff449ce wp-block-uagb-image--layout-default wp-block-uagb-image--effect-static wp-block-uagb-image--align-none\"><figure class=\"wp-block-uagb-image__figure\"><img decoding=\"async\" srcset=\"https:\/\/notariamx.com\/clon\/wp-content\/uploads\/2025\/09\/witness-1.png ,https:\/\/notariamx.com\/clon\/wp-content\/uploads\/2025\/09\/witness-1.png 780w, https:\/\/notariamx.com\/clon\/wp-content\/uploads\/2025\/09\/witness-1.png 360w\" sizes=\"auto, (max-width: 480px) 150px\" src=\"https:\/\/notariamx.com\/clon\/wp-content\/uploads\/2025\/09\/witness-1.png\" alt=\"\" class=\"uag-image-80\" width=\"60\" height=\"60\" title=\"witness\" loading=\"lazy\" role=\"img\"\/><\/figure><\/div>\n<\/div>\n\n\n\n<div class=\"wp-block-uagb-container uagb-block-523c9b88\">\n<div class=\"wp-block-uagb-advanced-heading uagb-block-409e8ee4\"><h4 class=\"uagb-heading-text\">Vision<\/h4><\/div>\n<\/div>\n<\/div>\n\n\n\n<div class=\"wp-block-uagb-container uagb-block-39986f21\">\n<p class=\"has-text-align-center parrafo\">Transform the notary services in Mexico through legal solutions that are reliable, accessible and transparent, geared to individuals, families and businesses.<\/p>\n<\/div>\n<\/div>\n\n\n\n<div class=\"wp-block-uagb-container uagb-block-d6b389b2\">\n<div class=\"wp-block-uagb-container uagb-block-20abf32f\">\n<div class=\"wp-block-uagb-container uagb-block-01e51df3\">\n<div class=\"wp-block-uagb-image uagb-block-45eeee86 wp-block-uagb-image--layout-default wp-block-uagb-image--effect-static wp-block-uagb-image--align-none\"><figure class=\"wp-block-uagb-image__figure\"><img decoding=\"async\" srcset=\"https:\/\/notariamx.com\/clon\/wp-content\/uploads\/2025\/09\/mission.png ,https:\/\/notariamx.com\/clon\/wp-content\/uploads\/2025\/09\/mission.png 780w, https:\/\/notariamx.com\/clon\/wp-content\/uploads\/2025\/09\/mission.png 360w\" sizes=\"auto, (max-width: 480px) 150px\" src=\"https:\/\/notariamx.com\/clon\/wp-content\/uploads\/2025\/09\/mission.png\" alt=\"\" class=\"uag-image-81\" width=\"60\" height=\"60\" title=\"mission\" loading=\"lazy\" role=\"img\"\/><\/figure><\/div>\n<\/div>\n\n\n\n<div class=\"wp-block-uagb-container uagb-block-dbfc3b5a\">\n<div class=\"wp-block-uagb-advanced-heading uagb-block-125f1b4c\"><h4 class=\"uagb-heading-text\">Mission<\/h4><\/div>\n<\/div>\n<\/div>\n\n\n\n<div class=\"wp-block-uagb-container uagb-block-32a4c524\">\n<p class=\"has-text-align-center parrafo\">To be recognized as a notary reference in Playa del Carmen in Mexico, for our innovation, professionalism and commitment to every client.<\/p>\n<\/div>\n<\/div>\n<\/div><\/div>\n\n\n\n<div class=\"wp-block-uagb-container uagb-block-e22c5c25 alignfull uagb-is-root-container\"><div class=\"uagb-container-inner-blocks-wrap\">\n<div class=\"wp-block-uagb-container uagb-block-83e62a63\">\n<div class=\"wp-block-uagb-container uagb-block-6fb13cd2\">\n<div class=\"wp-block-group is-layout-flow wp-block-group-is-layout-flow\" style=\"padding-right:var(--wp--preset--spacing--x-small);padding-left:var(--wp--preset--spacing--x-small)\">\n<section class=\"nuestro-enfoque\">\n  <h3>Our Approach<\/h3>\n  <ul>\n    <li>Specialists in the sectors of real estate and business<\/li>\n    <li>Accompaniment comprehensive, humane, and professional at every stage of the process<\/li>\n    <li>Attention bilingual<\/li>\n    <li>Legal security with proximity<\/li>\n  <\/ul>\n<\/section>\n\n<style>\n.nuestro-enfoque {\n  max-width: 800px;\n  margin: 40px auto;\n  padding: 20px;\n  line-height: 1.8;\n  background: #fff;\n}\n.nuestro-enfoque h3 {\n  text-align: center;\n  margin-bottom: 20px;\n  color: #4a4a4a;\n}\n.nuestro-enfoque ul {\n  list-style: none;\n  padding: 0;\n}\n.nuestro-enfoque li {\n  margin: 14px 0;\n  padding-left: 28px;\n  position: relative;\n  color: #444;\n}\n.nuestro-enfoque li::before {\n  content: \"\u2714\";\n  color: #2a9d8f; \/* Verde elegante *\/\n  position: absolute;\n  left: 0;\n  top: 0;\n}\n<\/style>\n<\/div>\n<\/div>\n<\/div>\n<\/div><\/div>\n<\/div><\/div>\n\n\n\n<div class=\"wp-block-uagb-container uagb-block-e946f890 alignfull uagb-is-root-container\"><div class=\"uagb-container-inner-blocks-wrap\">\n<style>\n.imagen-superpuesta {\n  #position: absolute;\n  top: 70px; \/* ajusta seg\u00fan cu\u00e1nto quieras que sobresalga *\/\n  left: 50%;\n  transform: translateX(-50%);\n}\n<\/style>\n\n\n\n<div class=\"wp-block-uagb-advanced-heading uagb-block-54f1a888\"><h2 class=\"uagb-heading-text\">Meet Our Team<\/h2><\/div>\n\n\n\n<div style=\"height:75px\" aria-hidden=\"true\" class=\"wp-block-spacer\"><\/div>\n\n\n\n<div class=\"wp-block-uagb-container uagb-block-6d6b932e default uagb-is-root-container\">\n<h4 class=\"wp-block-heading has-text-align-center\" style=\"border-style:none;border-width:0px;margin-top:0;margin-right:0;margin-bottom:0;margin-left:0\">Notaries<\/h4>\n\n\n\n<div class=\"wp-block-uagb-container contenedor uagb-block-88dbd5c5\">\n<div class=\"wp-block-uagb-container uagb-block-7c552d9a\">\n<div class=\"wp-block-uagb-image aligncenter uagb-block-39a33a64 wp-block-uagb-image--layout-default wp-block-uagb-image--effect-static wp-block-uagb-image--align-center imagen-superpuesta\"><figure class=\"wp-block-uagb-image__figure\"><img loading=\"lazy\" decoding=\"async\" srcset=\"https:\/\/notariamx.com\/clon\/wp-content\/uploads\/2025\/11\/3-1024x576.png ,https:\/\/notariamx.com\/clon\/wp-content\/uploads\/2025\/11\/3.png 780w, https:\/\/notariamx.com\/clon\/wp-content\/uploads\/2025\/11\/3.png 360w\" sizes=\"auto, (max-width: 480px) 150px\" src=\"https:\/\/notariamx.com\/clon\/wp-content\/uploads\/2025\/11\/3-1024x576.png\" alt=\"\" class=\"uag-image-1940\" width=\"213\" height=\"120\" title=\"\" role=\"presentation\"><\/figure><\/div>\n\n\n\n<div class=\"wp-block-uagb-container contenedor-sombra uagb-block-72c70199\">\n<div style=\"height:30px\" aria-hidden=\"true\" class=\"wp-block-spacer\"><\/div>\n\n\n\n<div class=\"wp-block-uagb-advanced-heading uagb-block-8d6ff152\"><p class=\"uagb-heading-text\">Lic Ricardo Adrian Samos Medina<\/p><\/div>\n\n\n\n<div class=\"wp-block-uagb-advanced-heading uagb-block-58f24917\"><h6 class=\"uagb-heading-text\">Notary Holder<\/h6><\/div>\n<\/div>\n<\/div>\n\n\n\n<div class=\"wp-block-uagb-container uagb-block-5765a04d\">\n<div class=\"wp-block-uagb-image aligncenter uagb-block-3dfd2966 wp-block-uagb-image--layout-default wp-block-uagb-image--effect-static wp-block-uagb-image--align-center imagen-superpuesta\"><figure class=\"wp-block-uagb-image__figure\"><img loading=\"lazy\" decoding=\"async\" srcset=\"https:\/\/notariamx.com\/clon\/wp-content\/uploads\/2025\/10\/7-1024x576.png ,https:\/\/notariamx.com\/clon\/wp-content\/uploads\/2025\/10\/7.png 780w, https:\/\/notariamx.com\/clon\/wp-content\/uploads\/2025\/10\/7.png 360w\" sizes=\"auto, (max-width: 480px) 150px\" src=\"https:\/\/notariamx.com\/clon\/wp-content\/uploads\/2025\/10\/7-1024x576.png\" alt=\"\" class=\"uag-image-1777\" width=\"213\" height=\"120\" title=\"\" role=\"presentation\"><\/figure><\/div>\n\n\n\n<div class=\"wp-block-uagb-container contenedor-sombra uagb-block-4990a717\">\n<div style=\"height:30px\" aria-hidden=\"true\" class=\"wp-block-spacer\"><\/div>\n\n\n\n<div class=\"wp-block-uagb-advanced-heading uagb-block-fcc12232\"><p class=\"uagb-heading-text\">Lic Gerardo Jos\u00e9 Gonz\u00e1lez Gamboa<\/p><\/div>\n\n\n\n<div class=\"wp-block-uagb-advanced-heading uagb-block-f5b73ec2\"><h6 class=\"uagb-heading-text\">Notary Assistant<\/h6><\/div>\n<\/div>\n<\/div>\n<\/div>\n<\/div>\n\n\n\n<div style=\"height:90px\" aria-hidden=\"true\" class=\"wp-block-spacer\"><\/div>\n\n\n\n<div class=\"wp-block-uagb-container uagb-block-cfd095f8 default uagb-is-root-container\">\n<div class=\"wp-block-uagb-container contenedor uagb-block-544ce35b\">\n<h4 class=\"wp-block-heading has-text-align-center\" style=\"border-style:none;border-width:0px;margin-top:0;margin-right:0;margin-bottom:0;margin-left:0\">Address<\/h4>\n\n\n\n<div class=\"wp-block-uagb-container uagb-block-acf1a856\">\n<div class=\"wp-block-uagb-image aligncenter uagb-block-44b74472 wp-block-uagb-image--layout-default wp-block-uagb-image--effect-static wp-block-uagb-image--align-center imagen-superpuesta\"><figure class=\"wp-block-uagb-image__figure\"><img loading=\"lazy\" decoding=\"async\" srcset=\"https:\/\/notariamx.com\/clon\/wp-content\/uploads\/2025\/11\/4-1024x576.png ,https:\/\/notariamx.com\/clon\/wp-content\/uploads\/2025\/11\/4.png 780w, https:\/\/notariamx.com\/clon\/wp-content\/uploads\/2025\/11\/4.png 360w\" sizes=\"auto, (max-width: 480px) 150px\" src=\"https:\/\/notariamx.com\/clon\/wp-content\/uploads\/2025\/11\/4-1024x576.png\" alt=\"\" class=\"uag-image-1941\" width=\"213\" height=\"120\" title=\"\" role=\"presentation\"><\/figure><\/div>\n\n\n\n<div class=\"wp-block-uagb-container contenedor-sombra uagb-block-045ba4c1\">\n<div style=\"height:30px\" aria-hidden=\"true\" class=\"wp-block-spacer\"><\/div>\n\n\n\n<div class=\"wp-block-uagb-advanced-heading uagb-block-7966f001\"><p class=\"uagb-heading-text\">Lic Monserrat Baez<\/p><\/div>\n\n\n\n<div class=\"wp-block-uagb-advanced-heading uagb-block-d360b190\"><h6 class=\"uagb-heading-text\">Director Legal<\/h6><\/div>\n<\/div>\n<\/div>\n<\/div>\n<\/div>\n\n\n\n<div style=\"height:90px\" aria-hidden=\"true\" class=\"wp-block-spacer\"><\/div>\n\n\n\n<h4 class=\"wp-block-heading has-text-align-center\" style=\"border-style:none;border-width:0px;margin-top:0;margin-right:0;margin-bottom:0;margin-left:0\">Attorneys<\/h4>\n\n\n\n<div class=\"wp-block-uagb-container contenedor uagb-block-e961fb62\">\n<div class=\"wp-block-uagb-container uagb-block-b7846506\">\n<div class=\"wp-block-uagb-image aligncenter uagb-block-6ea9df08 wp-block-uagb-image--layout-default wp-block-uagb-image--effect-static wp-block-uagb-image--align-center imagen-superpuesta\"><figure class=\"wp-block-uagb-image__figure\"><img loading=\"lazy\" decoding=\"async\" srcset=\"https:\/\/notariamx.com\/clon\/wp-content\/uploads\/2025\/11\/4-1-1024x576.png ,https:\/\/notariamx.com\/clon\/wp-content\/uploads\/2025\/11\/4-1.png 780w, https:\/\/notariamx.com\/clon\/wp-content\/uploads\/2025\/11\/4-1.png 360w\" sizes=\"auto, (max-width: 480px) 150px\" src=\"https:\/\/notariamx.com\/clon\/wp-content\/uploads\/2025\/11\/4-1-1024x576.png\" alt=\"\" class=\"uag-image-1953\" width=\"213\" height=\"120\" title=\"\" role=\"presentation\"><\/figure><\/div>\n\n\n\n<div class=\"wp-block-uagb-container contenedor-sombra uagb-block-6f9345ef\">\n<div style=\"height:30px\" aria-hidden=\"true\" class=\"wp-block-spacer\"><\/div>\n\n\n\n<div class=\"wp-block-uagb-advanced-heading uagb-block-d62b003c\"><p class=\"uagb-heading-text\">Lic Naama Cross<\/p><\/div>\n\n\n\n<div class=\"wp-block-uagb-advanced-heading uagb-block-241df707\"><h6 class=\"uagb-heading-text\">Assistant Attorney<\/h6><\/div>\n<\/div>\n<\/div>\n\n\n\n<div class=\"wp-block-uagb-container uagb-block-86508677\">\n<div class=\"wp-block-uagb-image aligncenter uagb-block-0a5891d6 wp-block-uagb-image--layout-default wp-block-uagb-image--effect-static wp-block-uagb-image--align-center imagen-superpuesta\"><figure class=\"wp-block-uagb-image__figure\"><img loading=\"lazy\" decoding=\"async\" srcset=\"https:\/\/notariamx.com\/clon\/wp-content\/uploads\/2025\/11\/3-1-1024x576.png ,https:\/\/notariamx.com\/clon\/wp-content\/uploads\/2025\/11\/3-1.png 780w, https:\/\/notariamx.com\/clon\/wp-content\/uploads\/2025\/11\/3-1.png 360w\" sizes=\"auto, (max-width: 480px) 150px\" src=\"https:\/\/notariamx.com\/clon\/wp-content\/uploads\/2025\/11\/3-1-1024x576.png\" alt=\"\" class=\"uag-image-1948\" width=\"213\" height=\"120\" title=\"\" role=\"presentation\"><\/figure><\/div>\n\n\n\n<div class=\"wp-block-uagb-container contenedor-sombra uagb-block-ffc6587f\">\n<div style=\"height:30px\" aria-hidden=\"true\" class=\"wp-block-spacer\"><\/div>\n\n\n\n<div class=\"wp-block-uagb-advanced-heading uagb-block-cf247a9c\"><p class=\"uagb-heading-text\">Lic William Chamomile<\/p><\/div>\n\n\n\n<div class=\"wp-block-uagb-advanced-heading uagb-block-276d3a12\"><h6 class=\"uagb-heading-text\">Assistant Attorney<\/h6><\/div>\n<\/div>\n<\/div>\n\n\n\n<div class=\"wp-block-uagb-container uagb-block-7273f5b3\">\n<div class=\"wp-block-uagb-image aligncenter uagb-block-4f5ddd5f wp-block-uagb-image--layout-default wp-block-uagb-image--effect-static wp-block-uagb-image--align-center imagen-superpuesta\"><figure class=\"wp-block-uagb-image__figure\"><img loading=\"lazy\" decoding=\"async\" srcset=\"https:\/\/notariamx.com\/clon\/wp-content\/uploads\/2025\/11\/4-1-1024x576.png ,https:\/\/notariamx.com\/clon\/wp-content\/uploads\/2025\/11\/4-1.png 780w, https:\/\/notariamx.com\/clon\/wp-content\/uploads\/2025\/11\/4-1.png 360w\" sizes=\"auto, (max-width: 480px) 150px\" src=\"https:\/\/notariamx.com\/clon\/wp-content\/uploads\/2025\/11\/4-1-1024x576.png\" alt=\"\" class=\"uag-image-1953\" width=\"213\" height=\"120\" title=\"\" role=\"presentation\"><\/figure><\/div>\n\n\n\n<div class=\"wp-block-uagb-container contenedor-sombra uagb-block-0ec6e16d\">\n<div style=\"height:30px\" aria-hidden=\"true\" class=\"wp-block-spacer\"><\/div>\n\n\n\n<div class=\"wp-block-uagb-advanced-heading uagb-block-730214ce\"><p class=\"uagb-heading-text\">Lic. Ana Cervera<\/p><\/div>\n\n\n\n<div class=\"wp-block-uagb-advanced-heading uagb-block-c22ea566\"><h6 class=\"uagb-heading-text\">Assistant Attorney<\/h6><\/div>\n<\/div>\n<\/div>\n\n\n\n<div class=\"wp-block-uagb-container uagb-block-06bf4e16\">\n<div class=\"wp-block-uagb-image aligncenter uagb-block-7c5dbd34 wp-block-uagb-image--layout-default wp-block-uagb-image--effect-static wp-block-uagb-image--align-center imagen-superpuesta\"><figure class=\"wp-block-uagb-image__figure\"><img loading=\"lazy\" decoding=\"async\" srcset=\"https:\/\/notariamx.com\/clon\/wp-content\/uploads\/2025\/11\/4-1-1024x576.png ,https:\/\/notariamx.com\/clon\/wp-content\/uploads\/2025\/11\/4-1.png 780w, https:\/\/notariamx.com\/clon\/wp-content\/uploads\/2025\/11\/4-1.png 360w\" sizes=\"auto, (max-width: 480px) 150px\" src=\"https:\/\/notariamx.com\/clon\/wp-content\/uploads\/2025\/11\/4-1-1024x576.png\" alt=\"\" class=\"uag-image-1953\" width=\"213\" height=\"120\" title=\"\" role=\"presentation\"><\/figure><\/div>\n\n\n\n<div class=\"wp-block-uagb-container contenedor-sombra uagb-block-bdc1e40b\">\n<div style=\"height:30px\" aria-hidden=\"true\" class=\"wp-block-spacer\"><\/div>\n\n\n\n<div class=\"wp-block-uagb-advanced-heading uagb-block-2cca2733\"><p class=\"uagb-heading-text\">Lic Vanessa Palma<\/p><\/div>\n\n\n\n<div class=\"wp-block-uagb-advanced-heading uagb-block-bb3e9244\"><h6 class=\"uagb-heading-text\">Assistant Attorney<\/h6><\/div>\n<\/div>\n<\/div>\n<\/div>\n<\/div><\/div>\n<\/main>","protected":false},"excerpt":{"rendered":"<p>\u00bfQui\u00e9nes Somos? En Notar\u00eda 41 encabezamos una nueva generaci\u00f3n de servicios notariales en M\u00e9xico. Nuestro equipo est\u00e1 integrado por profesionales biling\u00fces, con amplia experiencia en derecho inmobiliario, corporativo y sucesorio. Nos distinguimos por brindar atenci\u00f3n cercana, eficiente y adaptada a las necesidades actuales. \u00bfPor qu\u00e9 Nosotros? En Notar\u00eda 41, Playa del Carmen, brindamos servicios notariales [&hellip;]<\/p>","protected":false},"author":1,"featured_media":0,"parent":0,"menu_order":0,"comment_status":"closed","ping_status":"closed","template":"","meta":{"_uag_custom_page_level_css":"","_joinchat":[],"footnotes":""},"class_list":["post-29","page","type-page","status-publish","hentry"],"uagb_featured_image_src":{"full":false,"thumbnail":false,"medium":false,"medium_large":false,"large":false,"1536x1536":false,"2048x2048":false,"trp-custom-language-flag":false},"uagb_author_info":{"display_name":"admin","author_link":"https:\/\/notariamx.com\/en\/author\/admin\/"},"uagb_comment_info":0,"uagb_excerpt":"\u00bfQui\u00e9nes Somos? En Notar\u00eda 41 encabezamos una nueva generaci\u00f3n de servicios notariales en M\u00e9xico. Nuestro equipo est\u00e1 integrado por profesionales biling\u00fces, con amplia experiencia en derecho inmobiliario, corporativo y sucesorio. Nos distinguimos por brindar atenci\u00f3n cercana, eficiente y adaptada a las necesidades actuales. \u00bfPor qu\u00e9 Nosotros? En Notar\u00eda 41, Playa del Carmen, brindamos servicios notariales&hellip;","_links":{"self":[{"href":"https:\/\/notariamx.com\/en\/wp-json\/wp\/v2\/pages\/29","targetHints":{"allow":["GET"]}}],"collection":[{"href":"https:\/\/notariamx.com\/en\/wp-json\/wp\/v2\/pages"}],"about":[{"href":"https:\/\/notariamx.com\/en\/wp-json\/wp\/v2\/types\/page"}],"author":[{"embeddable":true,"href":"https:\/\/notariamx.com\/en\/wp-json\/wp\/v2\/users\/1"}],"replies":[{"embeddable":true,"href":"https:\/\/notariamx.com\/en\/wp-json\/wp\/v2\/comments?post=29"}],"version-history":[{"count":203,"href":"https:\/\/notariamx.com\/en\/wp-json\/wp\/v2\/pages\/29\/revisions"}],"predecessor-version":[{"id":2177,"href":"https:\/\/notariamx.com\/en\/wp-json\/wp\/v2\/pages\/29\/revisions\/2177"}],"wp:attachment":[{"href":"https:\/\/notariamx.com\/en\/wp-json\/wp\/v2\/media?parent=29"}],"curies":[{"name":"wp","href":"https:\/\/api.w.org\/{rel}","templated":true}]}}