{"id":1747,"date":"2025-10-27T13:19:41","date_gmt":"2025-10-27T18:19:41","guid":{"rendered":"https:\/\/notariamx.com\/clon\/?page_id=1747"},"modified":"2025-11-26T11:46:12","modified_gmt":"2025-11-26T16:46:12","slug":"fideicomisos","status":"publish","type":"page","link":"https:\/\/notariamx.com\/en\/servicios\/fideicomisos\/","title":{"rendered":"Trusts"},"content":{"rendered":"<div class=\"servicios-flotante\">\n    <div class=\"servicios-tab\">More Services \u25be<\/div>\n\n    <div class=\"servicios-panel\">\n        <ul>\n            <li><a href=\"https:\/\/notariamx.com\/en\/servicios\/compraventa-de-inmuebles\/\">Contracts of sale<\/a><\/li>\n            <li><a href=\"https:\/\/notariamx.com\/en\/servicios\/compraventa-de-inmuebles\/\">Title deeds<\/a><\/li>\n            <li><a href=\"https:\/\/notariamx.com\/en\/servicios\/compraventa-de-inmuebles\/\">Mortgage and cancellation of mortgages <\/a><\/li>\n            <li><a href=\"https:\/\/notariamx.com\/en\/servicios\/compraventa-de-inmuebles\/\">Donations<\/a><\/li>\n            <li><a href=\"https:\/\/notariamx.com\/en\/servicios\/compraventa-de-inmuebles\/\">Subrogation<\/a><\/li>\n            <li><a href=\"https:\/\/notariamx.com\/en\/servicios\/creacion-de-sociedades\/\">Incorporation of companies<\/a><\/li>\n            <li><a href=\"https:\/\/notariamx.com\/en\/servicios\/creacion-de-sociedades\/\">Notarization of the minutes of assembly<\/a><\/li>\n            <li><a href=\"https:\/\/notariamx.com\/en\/servicios\/creacion-de-sociedades\/\">Notarization of documents<\/a><\/li>\n            <li><a href=\"https:\/\/notariamx.com\/en\/servicios\/creacion-de-sociedades\/\">Granting and revocation of powers of attorney<\/a><\/li>\n            <li><a href=\"https:\/\/notariamx.com\/en\/servicios\/fe-de-hechos-y-testamentos\/\">Wills<\/a><\/li>\n            <li><a href=\"https:\/\/notariamx.com\/en\/servicios\/fe-de-hechos-y-testamentos\/\">Proceedings of succession intestamentaria<\/a><\/li>\n            <li><a href=\"https:\/\/notariamx.com\/en\/servicios\/fe-de-hechos-y-testamentos\/\">Faith facts<\/a><\/li>\n            <li><a href=\"https:\/\/notariamx.com\/en\/servicios\/fe-de-hechos-y-testamentos\/\">Notarial acts<\/a><\/li>\n            <li><a href=\"https:\/\/notariamx.com\/en\/servicios\/certificacion-de-documentos\/\">Certified copies<\/a><\/li>\n            <li><a href=\"https:\/\/notariamx.com\/en\/servicios\/certificacion-de-documentos\/\">Certification of signatures: official Validation of the signature on legal documents<\/a><\/li>\n\n            <li><a href=\"https:\/\/notariamx.com\/en\/servicios\/otros-servicios\/\">Legal advice of attorney custom<\/a><\/li>\n            <li><a href=\"https:\/\/notariamx.com\/en\/servicios\/otros-servicios\/\">Attention bilingual for foreign investors<\/a><\/li>\n            <li><a href=\"https:\/\/notariamx.com\/en\/servicios\/otros-servicios\/\">Assistance in registration proceedings<\/a><\/li>\n        <\/ul>\n    <\/div>\n<\/div>\n\n<style>\n\/* Contenedor general *\/\n.servicios-flotante {\n    position: fixed;\n    right: 0;\n    top: 50%;\n    transform: translateY(-50%);\n    z-index: 99999;\n    display: flex;\n    align-items: center;\n}\n\n\/* Bot\u00f3n vertical pegado a la derecha *\/\n.servicios-tab {\n    background: #dce5ea;\n    padding: 12px 20px;\n    border-radius: 0 12px 12px 0;\n    font-weight: 600;\n    cursor: pointer;\n    writing-mode: vertical-rl;\n    transform: rotate(180deg);\n    text-align: center;\n    box-shadow: 0 4px 12px rgba(0,0,0,0.15);\n    transition: background 0.3s ease;\n}\n\n\/* Panel oculto inicialmente *\/\n.servicios-panel {\n    position: absolute;\n    right: 0%; \/* \ud83d\udd25 Se coloca JUSTO a la izquierda del bot\u00f3n *\/\n    top: 50%;\n    transform: translateY(-50%) translateX(20px);\n    \n    width: 260px;\n    max-height: 300px;\n    background: white;\n    padding: 18px 15px;\n    border-radius: 12px 0 0 12px;\n    box-shadow: 0 6px 18px rgba(0,0,0,0.15);\n\n    overflow-y: auto;\n\n    opacity: 0;\n    pointer-events: none;\n    transition: all 0.3s ease;\n}\n\n\/* Hover: mostrar panel *\/\n.servicios-flotante:hover .servicios-panel {\n    opacity: 1;\n    pointer-events: auto;\n    transform: translateY(-50%) translateX(0);\n}\n\n\/* Hover: suavizar color del bot\u00f3n *\/\n.servicios-flotante:hover .servicios-tab {\n    background: #c8d1d6;\n}\n\n\/* Estilo de lista *\/\n.servicios-panel ul {\n    list-style: disc;\n    margin-left: 20px;\n}\n\n.servicios-panel li {\n    margin-bottom: 8px;\n    font-size: 15px;\n}\n<\/style>\n\n\n\n\n\n\n<script>\ndocument.addEventListener(\"DOMContentLoaded\", function() {\n  const joinChat = document.querySelector(\".joinchat--right\");\n  const floatingBox = document.querySelector(\".floating-box\");\n\n  if (joinChat && floatingBox) {\n    const chatHeight = joinChat.offsetHeight || 80; \/\/ si no lo detecta, usa 80px\n    floatingBox.style.bottom = (chatHeight + 20) + \"px\"; \/\/ deja espacio entre ambos\n  }\n});\n<\/script>\n\n\n<h2 class=\"wp-block-heading has-text-align-center\">Trusts<\/h2>\n\n\n\n<div class=\"wp-block-uagb-container uagb-block-a366ab09 alignfull uagb-is-root-container\"><div class=\"uagb-container-inner-blocks-wrap\">\n<div class=\"wp-block-group is-content-justification-center is-nowrap is-layout-flex wp-container-core-group-is-layout-23441af8 wp-block-group-is-layout-flex\">\n<hr class=\"wp-block-separator has-text-color has-alpha-channel-opacity has-background wp-container-content-759e20a8\" style=\"background-color:#caa173;color:#caa173\"\/>\n\n\n\n<div class=\"wp-block-uagb-image uagb-block-88876fdf wp-block-uagb-image--layout-default wp-block-uagb-image--effect-static wp-block-uagb-image--align-none\"><figure class=\"wp-block-uagb-image__figure\"><img decoding=\"async\" srcset=\"https:\/\/notariamx.com\/clon\/wp-content\/uploads\/2025\/10\/Recurso-3.png ,https:\/\/notariamx.com\/clon\/wp-content\/uploads\/2025\/10\/Recurso-3.png 780w, https:\/\/notariamx.com\/clon\/wp-content\/uploads\/2025\/10\/Recurso-3.png 360w\" sizes=\"auto, (max-width: 480px) 150px\" src=\"https:\/\/notariamx.com\/clon\/wp-content\/uploads\/2025\/10\/Recurso-3.png\" alt=\"\" class=\"uag-image-1729\" width=\"50\" height=\"50\" title=\"Resource 3\" loading=\"lazy\" role=\"img\"\/><\/figure><\/div>\n\n\n\n<hr class=\"wp-block-separator has-text-color has-alpha-channel-opacity has-background wp-container-content-759e20a8\" style=\"background-color:#caa173;color:#caa173\"\/>\n<\/div>\n<\/div><\/div>\n\n\n\n<div class=\"wp-block-group alignwide is-layout-flow wp-block-group-is-layout-flow\" style=\"padding-right:0;padding-left:0\">\n<div class=\"wp-block-uagb-container uagb-block-f77d5762 alignfull uagb-is-root-container\">\n<div class=\"wp-block-uagb-container contenedor uagb-block-f553a311\">\n<div class=\"wp-block-uagb-container uagb-block-44f351d1\">\n<div class=\"wp-block-uagb-container uagb-block-7f345a6c\"><\/div>\n<\/div>\n\n\n\n<div class=\"wp-block-uagb-container uagb-block-6c5d4dc3\">\n<h5 class=\"wp-block-heading has-text-align-center\">Land trusts for foreigners<\/h5>\n\n\n\n<p class=\"has-text-align-left\">Advice and formalization of trust bank for the acquisition of real estate in the restricted zone, according to the mexican legislation. Ideal for foreign investors who wish to buy property in Playa del Carmen or other coastal areas.<\/p>\n\n\n\n<div class=\"wp-block-uagb-buttons uagb-buttons__outer-wrap uagb-btn__default-btn uagb-btn-tablet__default-btn uagb-btn-mobile__default-btn uagb-block-d5c6263c\"><div class=\"uagb-buttons__wrap uagb-buttons-layout-wrap\">\n<div class=\"wp-block-uagb-buttons-child uagb-buttons__outer-wrap uagb-block-a29c98b7 wp-block-button\"><div class=\"uagb-button__wrapper\"><a class=\"uagb-buttons-repeater wp-block-button__link\" aria-label=\"\" href=\"https:\/\/notariamx.com\/wp-content\/uploads\/2025\/11\/Requisitos-Fideicomisos.pdf\" rel=\"follow noopener\" target=\"_blank\" role=\"button\"><span class=\"uagb-button__icon uagb-button__icon-position-before\"><svg xmlns=\"https:\/\/www.w3.org\/2000\/svg\" viewbox=\"0 0 512 512\" aria-hidden=\"true\" focussable=\"false\"><path d=\"M256 0C114.6 0 0 114.6 0 256c0 141.4 114.6 256 256 256s256-114.6 256-256C512 114.6 397.4 0 256 0zM382.6 302.6l-103.1 103.1C270.7 414.6 260.9 416 256 416c-4.881 0-14.65-1.391-22.65-9.398L129.4 302.6c-12.5-12.5-12.5-32.75 0-45.25s32.75-12.5 45.25 0L224 306.8V128c0-17.69 14.33-32 32-32s32 14.31 32 32v178.8l49.38-49.38c12.5-12.5 32.75-12.5 45.25 0S395.1 290.1 382.6 302.6z\"><\/path><\/svg><\/span><div class=\"uagb-button__link\">Download requirements<\/div><\/a><\/div><\/div>\n<\/div><\/div>\n<\/div>\n<\/div>\n<\/div>\n\n\n\n<div style=\"height:40px\" aria-hidden=\"true\" class=\"wp-block-spacer uag-hide-desktop\"><\/div>\n\n\n\n<div class=\"wp-block-uagb-container uagb-block-005bc2a4 alignfull uagb-is-root-container\">\n<div class=\"wp-block-uagb-container contenedor uagb-block-e6384d85\">\n<div class=\"wp-block-uagb-container uagb-block-18761d00\">\n<h5 class=\"wp-block-heading has-text-align-center\">Trust administration or warranty<\/h5>\n\n\n\n<p class=\"has-text-align-left\">Creation of trusts for management of assets, obligations, or endorsement from lending operations.<\/p>\n\n\n\n<div class=\"wp-block-uagb-buttons uagb-buttons__outer-wrap uagb-btn__default-btn uagb-btn-tablet__default-btn uagb-btn-mobile__default-btn uagb-block-7ea4d2d9\"><div class=\"uagb-buttons__wrap uagb-buttons-layout-wrap\">\n<div class=\"wp-block-uagb-buttons-child uagb-buttons__outer-wrap uagb-block-bb9a3088 wp-block-button\"><div class=\"uagb-button__wrapper\"><a class=\"uagb-buttons-repeater wp-block-button__link\" aria-label=\"\" href=\"#\" rel=\"follow noopener\" target=\"_blank\" role=\"button\"><span class=\"uagb-button__icon uagb-button__icon-position-before\"><svg xmlns=\"https:\/\/www.w3.org\/2000\/svg\" viewbox=\"0 0 512 512\" aria-hidden=\"true\" focussable=\"false\"><path d=\"M256 0C114.6 0 0 114.6 0 256c0 141.4 114.6 256 256 256s256-114.6 256-256C512 114.6 397.4 0 256 0zM382.6 302.6l-103.1 103.1C270.7 414.6 260.9 416 256 416c-4.881 0-14.65-1.391-22.65-9.398L129.4 302.6c-12.5-12.5-12.5-32.75 0-45.25s32.75-12.5 45.25 0L224 306.8V128c0-17.69 14.33-32 32-32s32 14.31 32 32v178.8l49.38-49.38c12.5-12.5 32.75-12.5 45.25 0S395.1 290.1 382.6 302.6z\"><\/path><\/svg><\/span><div class=\"uagb-button__link\">Download requirements<\/div><\/a><\/div><\/div>\n<\/div><\/div>\n<\/div>\n\n\n\n<div class=\"wp-block-uagb-container uagb-block-6eef9dcc\">\n<div class=\"wp-block-uagb-container uagb-block-5148b4c5\"><\/div>\n<\/div>\n<\/div>\n<\/div>\n\n\n\n<div style=\"height:40px\" aria-hidden=\"true\" class=\"wp-block-spacer uag-hide-desktop\"><\/div>\n\n\n\n<div class=\"wp-block-uagb-container uagb-block-29d2b339 alignfull uagb-is-root-container\">\n<div class=\"wp-block-uagb-container contenedor uagb-block-9f62a811\">\n<div class=\"wp-block-uagb-container uagb-block-c9bf337c\">\n<div class=\"wp-block-uagb-container uagb-block-d5dca749\"><\/div>\n<\/div>\n\n\n\n<div class=\"wp-block-uagb-container uagb-block-216104f9\">\n<h5 class=\"wp-block-heading has-text-align-center\">Amendments, transfers and termination of trust<\/h5>\n\n\n\n<p class=\"has-text-align-left\">Processing of changes in the terms of the trust, substitution of beneficiaries, settlors or trustees, as well as cancellations, with the support of attorney.<\/p>\n\n\n\n<div class=\"wp-block-uagb-buttons uagb-buttons__outer-wrap uagb-btn__default-btn uagb-btn-tablet__default-btn uagb-btn-mobile__default-btn uagb-block-deabd93d\"><div class=\"uagb-buttons__wrap uagb-buttons-layout-wrap\">\n<div class=\"wp-block-uagb-buttons-child uagb-buttons__outer-wrap uagb-block-a088e777 wp-block-button\"><div class=\"uagb-button__wrapper\"><a class=\"uagb-buttons-repeater wp-block-button__link\" aria-label=\"\" href=\"#\" rel=\"follow noopener\" target=\"_blank\" role=\"button\"><span class=\"uagb-button__icon uagb-button__icon-position-before\"><svg xmlns=\"https:\/\/www.w3.org\/2000\/svg\" viewbox=\"0 0 512 512\" aria-hidden=\"true\" focussable=\"false\"><path d=\"M256 0C114.6 0 0 114.6 0 256c0 141.4 114.6 256 256 256s256-114.6 256-256C512 114.6 397.4 0 256 0zM382.6 302.6l-103.1 103.1C270.7 414.6 260.9 416 256 416c-4.881 0-14.65-1.391-22.65-9.398L129.4 302.6c-12.5-12.5-12.5-32.75 0-45.25s32.75-12.5 45.25 0L224 306.8V128c0-17.69 14.33-32 32-32s32 14.31 32 32v178.8l49.38-49.38c12.5-12.5 32.75-12.5 45.25 0S395.1 290.1 382.6 302.6z\"><\/path><\/svg><\/span><div class=\"uagb-button__link\">Download requirements<\/div><\/a><\/div><\/div>\n<\/div><\/div>\n<\/div>\n<\/div>\n<\/div>\n\n\n\n<div style=\"height:40px\" aria-hidden=\"true\" class=\"wp-block-spacer uag-hide-desktop\"><\/div>\n\n\n\n<div class=\"wp-block-uagb-container uagb-block-83a47b4c alignfull uagb-is-root-container\">\n<div class=\"wp-block-uagb-container contenedor uagb-block-d53b91b4\">\n<div class=\"wp-block-uagb-container uagb-block-d6ef4f67\">\n<h5 class=\"wp-block-heading has-text-align-center\">Comprehensive advice on operations fiduciaries<\/h5>\n\n\n\n<p class=\"has-text-align-left\">Custom analysis of each case to determine the legal status is appropriate and manage the documentation with the fiduciary institution concerned.<\/p>\n\n\n\n<div class=\"wp-block-uagb-buttons uagb-buttons__outer-wrap uagb-btn__default-btn uagb-btn-tablet__default-btn uagb-btn-mobile__default-btn uagb-block-35245d1a\"><div class=\"uagb-buttons__wrap uagb-buttons-layout-wrap\">\n<div class=\"wp-block-uagb-buttons-child uagb-buttons__outer-wrap uagb-block-5469017a wp-block-button\"><div class=\"uagb-button__wrapper\"><a class=\"uagb-buttons-repeater wp-block-button__link\" aria-label=\"\" href=\"#\" rel=\"follow noopener\" target=\"_blank\" role=\"button\"><span class=\"uagb-button__icon uagb-button__icon-position-before\"><svg xmlns=\"https:\/\/www.w3.org\/2000\/svg\" viewbox=\"0 0 512 512\" aria-hidden=\"true\" focussable=\"false\"><path d=\"M256 0C114.6 0 0 114.6 0 256c0 141.4 114.6 256 256 256s256-114.6 256-256C512 114.6 397.4 0 256 0zM382.6 302.6l-103.1 103.1C270.7 414.6 260.9 416 256 416c-4.881 0-14.65-1.391-22.65-9.398L129.4 302.6c-12.5-12.5-12.5-32.75 0-45.25s32.75-12.5 45.25 0L224 306.8V128c0-17.69 14.33-32 32-32s32 14.31 32 32v178.8l49.38-49.38c12.5-12.5 32.75-12.5 45.25 0S395.1 290.1 382.6 302.6z\"><\/path><\/svg><\/span><div class=\"uagb-button__link\">Download requirements<\/div><\/a><\/div><\/div>\n<\/div><\/div>\n<\/div>\n\n\n\n<div class=\"wp-block-uagb-container uagb-block-3e6cc850\">\n<div class=\"wp-block-uagb-container uagb-block-dc4045bf\"><\/div>\n<\/div>\n<\/div>\n<\/div>\n<\/div>\n\n\n\n<div class=\"wp-block-group has-global-padding is-layout-constrained wp-block-group-is-layout-constrained\">\n<div style=\"height:59px\" aria-hidden=\"true\" class=\"wp-block-spacer\"><\/div>\n\n\n\n<div class=\"wp-block-uagb-buttons uagb-buttons__outer-wrap uagb-btn__default-btn uagb-btn-tablet__default-btn uagb-btn-mobile__default-btn uagb-block-b47c9a3b\"><div class=\"uagb-buttons__wrap uagb-buttons-layout-wrap\">\n<div class=\"wp-block-uagb-buttons-child uagb-buttons__outer-wrap uagb-block-de7afb06 wp-block-button\"><div class=\"uagb-button__wrapper\"><a class=\"uagb-buttons-repeater wp-block-button__link\" aria-label=\"\" href=\"https:\/\/notariamx.com\/en\/servicios\/\" rel=\"follow noopener\" target=\"_self\" role=\"button\"><span class=\"uagb-button__icon uagb-button__icon-position-before\"><svg xmlns=\"https:\/\/www.w3.org\/2000\/svg\" viewbox=\"0 0 448 512\" aria-hidden=\"true\" focussable=\"false\"><path d=\"M447.1 256C447.1 273.7 433.7 288 416 288H109.3l105.4 105.4c12.5 12.5 12.5 32.75 0 45.25C208.4 444.9 200.2 448 192 448s-16.38-3.125-22.62-9.375l-160-160c-12.5-12.5-12.5-32.75 0-45.25l160-160c12.5-12.5 32.75-12.5 45.25 0s12.5 32.75 0 45.25L109.3 224H416C433.7 224 447.1 238.3 447.1 256z\"><\/path><\/svg><\/span><div class=\"uagb-button__link\"> Return <\/div><\/a><\/div><\/div>\n<\/div><\/div>\n\n\n\n<div style=\"height:71px\" aria-hidden=\"true\" class=\"wp-block-spacer\"><\/div>\n<\/div>","protected":false},"excerpt":{"rendered":"<p>M\u00e1s Servicios \u25be Contratos de compraventa Escrituras de propiedad Hipotecas y cancelaci\u00f3n de hipotecas Donaciones Subrogaciones Constituci\u00f3n de sociedades Protocolizaci\u00f3n de actas de asamblea Protocolizaci\u00f3n de documentos Otorgamiento y revocaci\u00f3n de poderes notariales Testamentos Tr\u00e1mites de sucesi\u00f3n intestamentaria Fe de hechos Actas notariales Copias certificadas Certificacion de firmas: Validaci\u00f3n oficial de la firma en documentos [&hellip;]<\/p>","protected":false},"author":4,"featured_media":1048,"parent":31,"menu_order":0,"comment_status":"closed","ping_status":"closed","template":"","meta":{"_uag_custom_page_level_css":"","_joinchat":[],"footnotes":""},"class_list":["post-1747","page","type-page","status-publish","has-post-thumbnail","hentry"],"uagb_featured_image_src":{"full":["https:\/\/notariamx.com\/wp-content\/uploads\/2025\/09\/imagen1.jpg",1280,727,false],"thumbnail":["https:\/\/notariamx.com\/wp-content\/uploads\/2025\/09\/imagen1-150x150.jpg",150,150,true],"medium":["https:\/\/notariamx.com\/wp-content\/uploads\/2025\/09\/imagen1-300x170.jpg",300,170,true],"medium_large":["https:\/\/notariamx.com\/wp-content\/uploads\/2025\/09\/imagen1-768x436.jpg",768,436,true],"large":["https:\/\/notariamx.com\/wp-content\/uploads\/2025\/09\/imagen1-1024x582.jpg",1024,582,true],"1536x1536":["https:\/\/notariamx.com\/wp-content\/uploads\/2025\/09\/imagen1.jpg",1280,727,false],"2048x2048":["https:\/\/notariamx.com\/wp-content\/uploads\/2025\/09\/imagen1.jpg",1280,727,false],"trp-custom-language-flag":["https:\/\/notariamx.com\/wp-content\/uploads\/2025\/09\/imagen1.jpg",18,10,false]},"uagb_author_info":{"display_name":"netdata","author_link":"https:\/\/notariamx.com\/en\/author\/netdata\/"},"uagb_comment_info":0,"uagb_excerpt":"M\u00e1s Servicios \u25be Contratos de compraventa Escrituras de propiedad Hipotecas y cancelaci\u00f3n de hipotecas Donaciones Subrogaciones Constituci\u00f3n de sociedades Protocolizaci\u00f3n de actas de asamblea Protocolizaci\u00f3n de documentos Otorgamiento y revocaci\u00f3n de poderes notariales Testamentos Tr\u00e1mites de sucesi\u00f3n intestamentaria Fe de hechos Actas notariales Copias certificadas Certificacion de firmas: Validaci\u00f3n oficial de la firma en documentos&hellip;","_links":{"self":[{"href":"https:\/\/notariamx.com\/en\/wp-json\/wp\/v2\/pages\/1747","targetHints":{"allow":["GET"]}}],"collection":[{"href":"https:\/\/notariamx.com\/en\/wp-json\/wp\/v2\/pages"}],"about":[{"href":"https:\/\/notariamx.com\/en\/wp-json\/wp\/v2\/types\/page"}],"author":[{"embeddable":true,"href":"https:\/\/notariamx.com\/en\/wp-json\/wp\/v2\/users\/4"}],"replies":[{"embeddable":true,"href":"https:\/\/notariamx.com\/en\/wp-json\/wp\/v2\/comments?post=1747"}],"version-history":[{"count":9,"href":"https:\/\/notariamx.com\/en\/wp-json\/wp\/v2\/pages\/1747\/revisions"}],"predecessor-version":[{"id":2194,"href":"https:\/\/notariamx.com\/en\/wp-json\/wp\/v2\/pages\/1747\/revisions\/2194"}],"up":[{"embeddable":true,"href":"https:\/\/notariamx.com\/en\/wp-json\/wp\/v2\/pages\/31"}],"wp:featuredmedia":[{"embeddable":true,"href":"https:\/\/notariamx.com\/en\/wp-json\/wp\/v2\/media\/1048"}],"wp:attachment":[{"href":"https:\/\/notariamx.com\/en\/wp-json\/wp\/v2\/media?parent=1747"}],"curies":[{"name":"wp","href":"https:\/\/api.w.org\/{rel}","templated":true}]}}